{"id":175907,"date":"2024-02-07T14:58:53","date_gmt":"2024-02-07T20:58:53","guid":{"rendered":"https:\/\/6toinformeds.guanajuato.gob.mx\/?page_id=175907"},"modified":"2024-02-15T23:16:03","modified_gmt":"2024-02-16T05:16:03","slug":"chat","status":"publish","type":"page","link":"https:\/\/6toinformeds.guanajuato.gob.mx\/index.php\/chat\/","title":{"rendered":"Buscador Inteligente"},"content":{"rendered":"<div class=\"wpb-content-wrapper\"><p>[vc_section][vc_row unlock_row_content=&#8221;yes&#8221; row_height_percent=&#8221;0&#8243; override_padding=&#8221;yes&#8221; h_padding=&#8221;0&#8243; top_padding=&#8221;0&#8243; bottom_padding=&#8221;0&#8243; overlay_alpha=&#8221;50&#8243; gutter_size=&#8221;3&#8243; column_width_percent=&#8221;100&#8243; shift_y=&#8221;0&#8243; z_index=&#8221;0&#8243; uncode_shortcode_id=&#8221;734398&#8243; el_id=&#8221;indice-introduccion&#8221; css=&#8221;.vc_custom_1708058514305{margin-top: 36px !important;}&#8221;][vc_column column_width_percent=&#8221;100&#8243; position_vertical=&#8221;middle&#8221; gutter_size=&#8221;3&#8243; overlay_alpha=&#8221;50&#8243; shift_x=&#8221;0&#8243; shift_y=&#8221;0&#8243; shift_y_down=&#8221;0&#8243; z_index=&#8221;0&#8243; medium_width=&#8221;0&#8243; mobile_width=&#8221;0&#8243; css_animation=&#8221;right-t-left&#8221; width=&#8221;5\/6&#8243; uncode_shortcode_id=&#8221;140264&#8243;][vc_row_inner row_inner_height_percent=&#8221;0&#8243; back_color=&#8221;color-143881&#8243; overlay_alpha=&#8221;50&#8243; gutter_size=&#8221;3&#8243; shift_y=&#8221;0&#8243; z_index=&#8221;0&#8243; uncode_shortcode_id=&#8221;162426&#8243; back_color_type=&#8221;uncode-palette&#8221; el_class=&#8221;h2eje&#8221; css=&#8221;.vc_custom_1708053622320{padding-top: 25px !important;padding-bottom: 25px !important;padding-left: 25px !important;}&#8221; limit_content=&#8221;&#8221;][vc_column_inner column_width_percent=&#8221;100&#8243; gutter_size=&#8221;3&#8243; overlay_alpha=&#8221;50&#8243; shift_x=&#8221;0&#8243; shift_y=&#8221;0&#8243; shift_y_down=&#8221;0&#8243; z_index=&#8221;0&#8243; medium_width=&#8221;0&#8243; mobile_width=&#8221;0&#8243; css_animation=&#8221;left-t-right&#8221; width=&#8221;1\/1&#8243; uncode_shortcode_id=&#8221;179923&#8243;][vc_custom_heading text_color=&#8221;color-xsdn&#8221; text_font=&#8221;font-113956&#8243; text_height=&#8221;&#8221; sub_lead=&#8221;yes&#8221; uncode_shortcode_id=&#8221;980704&#8243; text_color_type=&#8221;uncode-palette&#8221; el_class=&#8221;text-color-103136-color&#8221;]Preg\u00fantale a nuestro Asistente Virtual[\/vc_custom_heading][\/vc_column_inner][\/vc_row_inner][\/vc_column][vc_column column_width_percent=&#8221;100&#8243; position_vertical=&#8221;middle&#8221; align_horizontal=&#8221;align_center&#8221; gutter_size=&#8221;3&#8243; overlay_alpha=&#8221;50&#8243; shift_x=&#8221;0&#8243; shift_y=&#8221;5&#8243; shift_y_down=&#8221;0&#8243; z_index=&#8221;0&#8243; medium_width=&#8221;0&#8243; mobile_width=&#8221;0&#8243; width=&#8221;1\/6&#8243; uncode_shortcode_id=&#8221;123205&#8243;][\/vc_column][\/vc_row][\/vc_section][vc_row unlock_row_content=&#8221;yes&#8221; row_height_percent=&#8221;80&#8243; override_padding=&#8221;yes&#8221; h_padding=&#8221;2&#8243; top_padding=&#8221;2&#8243; bottom_padding=&#8221;2&#8243; overlay_alpha=&#8221;50&#8243; gutter_size=&#8221;3&#8243; column_width_percent=&#8221;100&#8243; shift_y=&#8221;0&#8243; z_index=&#8221;0&#8243; uncode_shortcode_id=&#8221;833891&#8243;][vc_column column_width_percent=&#8221;100&#8243; gutter_size=&#8221;3&#8243; overlay_alpha=&#8221;50&#8243; shift_x=&#8221;0&#8243; shift_y=&#8221;0&#8243; shift_y_down=&#8221;0&#8243; z_index=&#8221;0&#8243; medium_width=&#8221;0&#8243; mobile_width=&#8221;0&#8243; width=&#8221;1\/1&#8243; uncode_shortcode_id=&#8221;710329&#8243;][vc_raw_html]JTNDZGl2JTIwY2xhc3MlM0QlMjJhc2lzdGVudGUtdmlydHVhbCUyMiUzRSUwQSUzQ2lmcmFtZSUwQXNyYyUzRCUyMmh0dHBzJTNBJTJGJTJGd3d3LmNoYXRiYXNlLmNvJTJGY2hhdGJvdC1pZnJhbWUlMkZPNnBobjhsTjBTVXR6dFdnOGM0TE4lMjIlMEF3aWR0aCUzRCUyMjEwMCUyNSUyMiUwQXN0eWxlJTNEJTIyaGVpZ2h0JTNBJTIwMTAwJTI1JTIyJTBBZnJhbWVib3JkZXIlM0QlMjIwJTIyJTBBJTNFJTNDJTJGaWZyYW1lJTNFJTBBJTNDJTJGZGl2JTNFJTBB[\/vc_raw_html][vc_custom_heading text_color=&#8221;color-151541&#8243; heading_semantic=&#8221;div&#8221; text_size=&#8221;fontsize-100046&#8243; text_italic=&#8221;yes&#8221; uncode_shortcode_id=&#8221;116047&#8243; text_color_type=&#8221;uncode-palette&#8221;]Por favor, recuerda que soy un Asistente Virtual y aunque hago mi mejor esfuerzo por proporcionar informaci\u00f3n precisa, la \u00fanica fuente oficial de informaci\u00f3n para el 6to informe de gobierno es la que est\u00e1 escrita en este sitio web oficial. Te invito a navegar sus diferentes secciones para obtener m\u00e1s detalles.[\/vc_custom_heading][\/vc_column][\/vc_row]<\/p>\n<\/div>","protected":false},"excerpt":{"rendered":"<p>[vc_section][vc_row unlock_row_content=&#8221;yes&#8221; row_height_percent=&#8221;0&#8243; override_padding=&#8221;yes&#8221; h_padding=&#8221;0&#8243; top_padding=&#8221;0&#8243; bottom_padding=&#8221;0&#8243; overlay_alpha=&#8221;50&#8243; gutter_size=&#8221;3&#8243; column_width_percent=&#8221;100&#8243; shift_y=&#8221;0&#8243; z_index=&#8221;0&#8243; uncode_shortcode_id=&#8221;734398&#8243; el_id=&#8221;indice-introduccion&#8221; css=&#8221;.vc_custom_1708058514305{margin-top: 36px !important;}&#8221;][vc_column column_width_percent=&#8221;100&#8243; position_vertical=&#8221;middle&#8221; gutter_size=&#8221;3&#8243; [&hellip;]<\/p>\n","protected":false},"author":2,"featured_media":0,"parent":0,"menu_order":0,"comment_status":"closed","ping_status":"closed","template":"","meta":{"footnotes":""},"_links":{"self":[{"href":"https:\/\/6toinformeds.guanajuato.gob.mx\/index.php\/wp-json\/wp\/v2\/pages\/175907"}],"collection":[{"href":"https:\/\/6toinformeds.guanajuato.gob.mx\/index.php\/wp-json\/wp\/v2\/pages"}],"about":[{"href":"https:\/\/6toinformeds.guanajuato.gob.mx\/index.php\/wp-json\/wp\/v2\/types\/page"}],"author":[{"embeddable":true,"href":"https:\/\/6toinformeds.guanajuato.gob.mx\/index.php\/wp-json\/wp\/v2\/users\/2"}],"replies":[{"embeddable":true,"href":"https:\/\/6toinformeds.guanajuato.gob.mx\/index.php\/wp-json\/wp\/v2\/comments?post=175907"}],"version-history":[{"count":26,"href":"https:\/\/6toinformeds.guanajuato.gob.mx\/index.php\/wp-json\/wp\/v2\/pages\/175907\/revisions"}],"predecessor-version":[{"id":193732,"href":"https:\/\/6toinformeds.guanajuato.gob.mx\/index.php\/wp-json\/wp\/v2\/pages\/175907\/revisions\/193732"}],"wp:attachment":[{"href":"https:\/\/6toinformeds.guanajuato.gob.mx\/index.php\/wp-json\/wp\/v2\/media?parent=175907"}],"curies":[{"name":"wp","href":"https:\/\/api.w.org\/{rel}","templated":true}]}}